{"id":6021,"date":"2024-11-20T14:50:29","date_gmt":"2024-11-20T13:50:29","guid":{"rendered":"https:\/\/sweetink.fr\/?page_id=6021"},"modified":"2025-12-20T16:31:27","modified_gmt":"2025-12-20T15:31:27","slug":"panier","status":"publish","type":"page","link":"https:\/\/sweetink.fr\/en\/panier\/","title":{"rendered":"PANIER"},"content":{"rendered":"<div data-elementor-type=\"wp-page\" data-elementor-id=\"6021\" class=\"elementor elementor-6021\" data-elementor-post-type=\"page\">\n\t\t\t\t\t\t<section class=\"elementor-section elementor-top-section elementor-element elementor-element-fe59b2d elementor-section-height-min-height elementor-section-boxed elementor-section-height-default elementor-section-items-middle\" data-id=\"fe59b2d\" data-element_type=\"section\" data-settings=\"{&quot;background_background&quot;:&quot;classic&quot;}\">\n\t\t\t\t\t\t\t<div class=\"elementor-background-overlay\"><\/div>\n\t\t\t\t\t\t\t<div class=\"elementor-container elementor-column-gap-default\">\n\t\t\t\t\t<div class=\"elementor-column elementor-col-100 elementor-top-column elementor-element elementor-element-0e8b5bf\" data-id=\"0e8b5bf\" data-element_type=\"column\">\n\t\t\t<div class=\"elementor-widget-wrap elementor-element-populated\">\n\t\t\t\t\t\t<section class=\"elementor-section elementor-inner-section elementor-element elementor-element-1d90bfd elementor-section-boxed elementor-section-height-default elementor-section-height-default\" data-id=\"1d90bfd\" data-element_type=\"section\">\n\t\t\t\t\t\t<div class=\"elementor-container elementor-column-gap-default\">\n\t\t\t\t\t<div class=\"elementor-column elementor-col-100 elementor-inner-column elementor-element elementor-element-825f692\" data-id=\"825f692\" data-element_type=\"column\">\n\t\t\t<div class=\"elementor-widget-wrap elementor-element-populated\">\n\t\t\t\t\t\t<div class=\"elementor-element elementor-element-772211d elementor-widget elementor-widget-heading\" data-id=\"772211d\" data-element_type=\"widget\" data-widget_type=\"heading.default\">\n\t\t\t\t\t<h2 class=\"elementor-heading-title elementor-size-default\">- Votre panier -<\/h2>\t\t\t\t<\/div>\n\t\t\t\t\t<\/div>\n\t\t<\/div>\n\t\t\t\t\t<\/div>\n\t\t<\/section>\n\t\t\t\t\t<\/div>\n\t\t<\/div>\n\t\t\t\t\t<\/div>\n\t\t<\/section>\n\t\t\t\t<section class=\"elementor-section elementor-top-section elementor-element elementor-element-c8e6caa elementor-section-boxed elementor-section-height-default elementor-section-height-default\" data-id=\"c8e6caa\" data-element_type=\"section\">\n\t\t\t\t\t\t<div class=\"elementor-container elementor-column-gap-default\">\n\t\t\t\t\t<div class=\"elementor-column elementor-col-100 elementor-top-column elementor-element elementor-element-7754295\" data-id=\"7754295\" data-element_type=\"column\">\n\t\t\t<div class=\"elementor-widget-wrap elementor-element-populated\">\n\t\t\t\t\t\t\t<\/div>\n\t\t<\/div>\n\t\t\t\t\t<\/div>\n\t\t<\/section>\n\t\t\t\t<\/div>","protected":false},"excerpt":{"rendered":"<p>&#8211; Votre panier &#8211; Supprimer l\u2019\u00e9l\u00e9ment Miniature Produit Prix Quantit\u00e9 Sous-total &times; Mousse Nettoyante Vegan : Aloe Tattoo (60 ml) 15,80&nbsp;&euro; quantit\u00e9 de Mousse Nettoyante Vegan : Aloe Tattoo (60 ml) 15,80&nbsp;&euro; Mettre \u00e0 jour le panier Total du panier Sous-total 15,80&nbsp;&euro; Total 15,80&nbsp;&euro; (dont 2,63&nbsp;&euro; TVA) Vous avez une carte-cadeau\u00a0? Appliquer Passer \u00e0 la [&hellip;]<\/p>","protected":false},"author":2,"featured_media":0,"parent":0,"menu_order":0,"comment_status":"closed","ping_status":"closed","template":"","meta":{"_acf_changed":false,"footnotes":""},"class_list":["post-6021","page","type-page","status-publish","hentry"],"acf":[],"_links":{"self":[{"href":"https:\/\/sweetink.fr\/en\/wp-json\/wp\/v2\/pages\/6021","targetHints":{"allow":["GET"]}}],"collection":[{"href":"https:\/\/sweetink.fr\/en\/wp-json\/wp\/v2\/pages"}],"about":[{"href":"https:\/\/sweetink.fr\/en\/wp-json\/wp\/v2\/types\/page"}],"author":[{"embeddable":true,"href":"https:\/\/sweetink.fr\/en\/wp-json\/wp\/v2\/users\/2"}],"replies":[{"embeddable":true,"href":"https:\/\/sweetink.fr\/en\/wp-json\/wp\/v2\/comments?post=6021"}],"version-history":[{"count":3,"href":"https:\/\/sweetink.fr\/en\/wp-json\/wp\/v2\/pages\/6021\/revisions"}],"predecessor-version":[{"id":9757,"href":"https:\/\/sweetink.fr\/en\/wp-json\/wp\/v2\/pages\/6021\/revisions\/9757"}],"wp:attachment":[{"href":"https:\/\/sweetink.fr\/en\/wp-json\/wp\/v2\/media?parent=6021"}],"curies":[{"name":"wp","href":"https:\/\/api.w.org\/{rel}","templated":true}]}}