{"id":6973,"date":"2025-04-06T12:34:44","date_gmt":"2025-04-06T10:34:44","guid":{"rendered":"https:\/\/sweetink.fr\/?page_id=6973"},"modified":"2025-12-20T16:43:22","modified_gmt":"2025-12-20T15:43:22","slug":"inscription-news-marion","status":"publish","type":"page","link":"https:\/\/sweetink.fr\/en\/inscription-news-marion\/","title":{"rendered":"Inscription News Marion"},"content":{"rendered":"<div data-elementor-type=\"wp-page\" data-elementor-id=\"6973\" class=\"elementor elementor-6973\" data-elementor-post-type=\"page\">\n\t\t\t\t\t\t<section class=\"elementor-section elementor-top-section elementor-element elementor-element-0e7052c elementor-section-boxed elementor-section-height-default elementor-section-height-default\" data-id=\"0e7052c\" data-element_type=\"section\">\n\t\t\t\t\t\t<div class=\"elementor-container elementor-column-gap-default\">\n\t\t\t\t\t<div class=\"elementor-column elementor-col-100 elementor-top-column elementor-element elementor-element-56d2f84\" data-id=\"56d2f84\" data-element_type=\"column\">\n\t\t\t<div class=\"elementor-widget-wrap elementor-element-populated\">\n\t\t\t\t\t\t<div class=\"elementor-element elementor-element-abe131c elementor-widget elementor-widget-spacer\" data-id=\"abe131c\" data-element_type=\"widget\" data-widget_type=\"spacer.default\">\n\t\t\t\t\t\t\t<div class=\"elementor-spacer\">\n\t\t\t<div class=\"elementor-spacer-inner\"><\/div>\n\t\t<\/div>\n\t\t\t\t\t\t<\/div>\n\t\t\t\t\t<\/div>\n\t\t<\/div>\n\t\t\t\t\t<\/div>\n\t\t<\/section>\n\t\t\t\t<section class=\"elementor-section elementor-top-section elementor-element elementor-element-2cb44dc elementor-section-boxed elementor-section-height-default elementor-section-height-default\" data-id=\"2cb44dc\" data-element_type=\"section\">\n\t\t\t\t\t\t<div class=\"elementor-container elementor-column-gap-default\">\n\t\t\t\t\t<div class=\"elementor-column elementor-col-100 elementor-top-column elementor-element elementor-element-6eb1d6b\" data-id=\"6eb1d6b\" data-element_type=\"column\">\n\t\t\t<div class=\"elementor-widget-wrap elementor-element-populated\">\n\t\t\t\t\t\t<div class=\"elementor-element elementor-element-f20fbc9 fluent-form-widget-step-header-yes fluent-form-widget-step-progressbar-yes fluentform-widget-submit-button-custom elementor-widget elementor-widget-fluent-form-widget\" data-id=\"f20fbc9\" data-element_type=\"widget\" data-widget_type=\"fluent-form-widget.default\">\n\t\t\t\t<div class=\"elementor-widget-container\">\n\t\t\t\t\t\n            <div class=\"fluentform-widget-wrapper fluentform-widget-align-default\">\n\n            \n            <div class='fluentform ff-default fluentform_wrapper_15 ffs_default_wrap'><form data-form_id=\"15\" id=\"fluentform_15\" class=\"frm-fluent-form fluent_form_15 ff-el-form-top ff_form_instance_15_1 ff-form-loading ffs_default\" data-form_instance=\"ff_form_instance_15_1\" method=\"POST\" action=\"\" ><fieldset  style=\"border: none!important;margin: 0!important;padding: 0!important;background-color: transparent!important;box-shadow: none!important;outline: none!important; min-inline-size: 100%;\">\n                    <legend class=\"ff_screen_reader_title\" style=\"display: block; margin: 0!important;padding: 0!important;height: 0!important;text-indent: -999999px;width: 0!important;overflow:hidden;\">Inscription Newsletter Marion<\/legend><input type='hidden' name='__fluent_form_embded_post_id' value='6973' \/><input type=\"hidden\" id=\"_fluentform_15_fluentformnonce\" name=\"_fluentform_15_fluentformnonce\" value=\"c25735de4d\" \/><input type=\"hidden\" name=\"_wp_http_referer\" value=\"\/en\/wp-json\/wp\/v2\/pages\/6973\" \/><div class='ff-el-group  ff-custom_html' tabindex='-1' data-name=\"custom_html-15_1\" ><h4><span style=\"color: #ffffff\">RECEVOIR MA NEWSLETTER<\/span><\/h4>\n<p><span style=\"color: #ffffff\">_______________________<\/span><\/p>\n<p class=\"\" data-start=\"293\" data-end=\"334\"><span style=\"color: #ffffff\">C\u2019est un rendez-vous r\u00e9gulier entre nous pour te partager des r\u00e9flexions, mes tips et prises de consciences pour t\u2019aider \u00e0 avancer sur ton chemin.<\/span><\/p>\n<p class=\"\" data-start=\"293\" data-end=\"334\"><span style=\"color: #ffffff\">Un espace authentique, sans filtre et privil\u00e9gi\u00e9 pour avoir acc\u00e8s \u00e0 ce que je ne donne pas ailleurs.<\/span><\/p>\n<p class=\"\" data-start=\"293\" data-end=\"334\"><span style=\"color: #ffffff\">Pour rentrer dans mon cercle de transmission, c\u2019est juste en dessous :\u00a0<\/span><\/p><\/div><div data-type=\"name-element\" data-name=\"names\" class=\"ff-field_container ff-name-field-wrapper\" ><div class='ff-t-container'><div class='ff-t-cell'><div class='ff-el-group ff-el-form-top'><div class=\"ff-el-input--label asterisk-right\"><label for='ff_15_names_first_name_' id='label_ff_15_names_first_name_' >Firstname<\/label><\/div><div class='ff-el-input--content'><input type=\"text\" name=\"names[first_name]\" id=\"ff_15_names_first_name_\" class=\"ff-el-form-control\" placeholder=\"Saisissez votre pr\u00e9nom\" aria-invalid=\"false\" aria-required=\"false\"><\/div><\/div><\/div><div class='ff-t-cell'><div class='ff-el-group ff-el-form-top'><div class=\"ff-el-input--label asterisk-right\"><label for='ff_15_names_last_name_' id='label_ff_15_names_last_name_' >Lastname<\/label><\/div><div class='ff-el-input--content'><input type=\"text\" name=\"names[last_name]\" id=\"ff_15_names_last_name_\" class=\"ff-el-form-control\" placeholder=\"Saisissez votre nom de famille\" aria-invalid=\"false\" aria-required=\"false\"><\/div><\/div><\/div><\/div><\/div><div data-name=\"ff_cn_id_1\"  class='ff-t-container ff-column-container ff_columns_total_2'><div class='ff-t-cell ff-t-column-1' style='flex-basis: 50%;'><div class='ff-el-group'><div class=\"ff-el-input--label ff-el-is-required asterisk-right\"><label for='ff_15_email' id='label_ff_15_email' aria-label=\"Adresse mail\">Adresse mail<\/label><\/div><div class='ff-el-input--content'><input type=\"email\" name=\"email\" id=\"ff_15_email\" class=\"ff-el-form-control\" placeholder=\"Email\" data-name=\"email\"  aria-invalid=\"false\" aria-required=\"true\"><\/div><\/div><\/div><div class='ff-t-cell ff-t-column-2' style='flex-basis: 50%;'><div class='ff-el-group ff-text-left ff_submit_btn_wrapper ff_submit_btn_wrapper_custom'><button class=\"ff-btn ff-btn-submit ff-btn-md ff_btn_style wpf_has_custom_css\" type=\"submit\" name=\"custom_submit_button-15_2\" data-name=\"custom_submit_button-15_2\"  aria-label=\"Je m&#039;inscris\">Je m'inscris <\/button><style>form.fluent_form_15 .wpf_has_custom_css.ff-btn-submit { background-color:rgba(204, 171, 52, 1);border-color:rgba(204, 171, 52, 1);color:#ffffff;min-width:100%; }form.fluent_form_15 .wpf_has_custom_css.ff-btn-submit:hover { background-color:#ffffff;border-color:#1a7efb;color:#1a7efb;min-width:100%; } <\/style><\/div><\/div><\/div><\/fieldset><input type=\"hidden\" name=\"trp-form-language\" value=\"en\"\/><\/form><div id='fluentform_15_errors' class='ff-errors-in-stack ff_form_instance_15_1 ff-form-loading_errors ff_form_instance_15_1_errors'><\/div><\/div>            <script type=\"text\/javascript\">\n                window.fluent_form_ff_form_instance_15_1 = {\"id\":\"15\",\"settings\":{\"layout\":{\"labelPlacement\":\"top\",\"asteriskPlacement\":\"asterisk-right\",\"helpMessagePlacement\":\"with_label\",\"errorMessagePlacement\":\"inline\",\"cssClassName\":\"\"},\"restrictions\":{\"denyEmptySubmission\":{\"enabled\":false}}},\"form_instance\":\"ff_form_instance_15_1\",\"form_id_selector\":\"fluentform_15\",\"rules\":{\"names[first_name]\":{\"required\":{\"value\":false,\"message\":\"This field is required\",\"global_message\":\"Ce champ est obligatoire\",\"global\":true}},\"names[middle_name]\":{\"required\":{\"value\":false,\"message\":\"This field is required\",\"global_message\":\"Ce champ est obligatoire\",\"global\":true}},\"names[last_name]\":{\"required\":{\"value\":false,\"message\":\"This field is required\",\"global_message\":\"Ce champ est obligatoire\",\"global\":true}},\"email\":{\"required\":{\"value\":true,\"message\":\"This field is required\",\"global\":true,\"global_message\":\"Ce champ est obligatoire\"},\"email\":{\"value\":true,\"message\":\"This field must contain a valid email\",\"global\":true,\"global_message\":\"Ce champ doit contenir un e-mail valide\"}}},\"debounce_time\":300};\n                            <\/script>\n                        <\/div>\n\n            \t\t\t\t<\/div>\n\t\t\t\t<\/div>\n\t\t\t\t\t<\/div>\n\t\t<\/div>\n\t\t\t\t\t<\/div>\n\t\t<\/section>\n\t\t\t\t<\/div>","protected":false},"excerpt":{"rendered":"<p>Inscription Newsletter Marion RECEVOIR MA NEWSLETTER _______________________ C\u2019est un rendez-vous r\u00e9gulier entre nous pour te partager des r\u00e9flexions, mes tips et prises de consciences pour t\u2019aider \u00e0 avancer sur ton chemin. Un espace authentique, sans filtre et privil\u00e9gi\u00e9 pour avoir acc\u00e8s \u00e0 ce que je ne donne pas ailleurs. Pour rentrer dans mon cercle de [&hellip;]<\/p>","protected":false},"author":2,"featured_media":0,"parent":0,"menu_order":0,"comment_status":"closed","ping_status":"closed","template":"","meta":{"_acf_changed":false,"footnotes":""},"class_list":["post-6973","page","type-page","status-publish","hentry"],"acf":[],"_links":{"self":[{"href":"https:\/\/sweetink.fr\/en\/wp-json\/wp\/v2\/pages\/6973","targetHints":{"allow":["GET"]}}],"collection":[{"href":"https:\/\/sweetink.fr\/en\/wp-json\/wp\/v2\/pages"}],"about":[{"href":"https:\/\/sweetink.fr\/en\/wp-json\/wp\/v2\/types\/page"}],"author":[{"embeddable":true,"href":"https:\/\/sweetink.fr\/en\/wp-json\/wp\/v2\/users\/2"}],"replies":[{"embeddable":true,"href":"https:\/\/sweetink.fr\/en\/wp-json\/wp\/v2\/comments?post=6973"}],"version-history":[{"count":3,"href":"https:\/\/sweetink.fr\/en\/wp-json\/wp\/v2\/pages\/6973\/revisions"}],"predecessor-version":[{"id":9781,"href":"https:\/\/sweetink.fr\/en\/wp-json\/wp\/v2\/pages\/6973\/revisions\/9781"}],"wp:attachment":[{"href":"https:\/\/sweetink.fr\/en\/wp-json\/wp\/v2\/media?parent=6973"}],"curies":[{"name":"wp","href":"https:\/\/api.w.org\/{rel}","templated":true}]}}