{"id":6034,"date":"2024-11-19T15:40:03","date_gmt":"2024-11-19T14:40:03","guid":{"rendered":"https:\/\/sweetink.fr\/?post_type=product&#038;p=6034"},"modified":"2025-08-25T11:36:24","modified_gmt":"2025-08-25T09:36:24","slug":"carte-cadeau-tatouage","status":"publish","type":"product","link":"https:\/\/sweetink.fr\/en\/product\/carte-cadeau-tatouage\/","title":{"rendered":"Carte Cadeau Tatouage"},"content":{"rendered":"<h4>Offrez un Cadeau Unique et Personnalis\u00e9 d\u00e8s 60 \u20ac<\/h4>\n<p><strong>Envie de surprendre un proche avec un cadeau vraiment unique et qui pla\u00eet \u00e0 coup s\u00fbr ?<\/strong> Offrez-lui une carte cadeau pour un tatouage unique et personnalis\u00e9, \u00e0 r\u00e9aliser dans notre studio de tatouage professionnel! Une id\u00e9e parfaite pour toutes les occasions ! Avec cette carte, vous permettez \u00e0 vos proches de transformer leurs id\u00e9es en une \u0153uvre ind\u00e9l\u00e9bile.<\/p>\n<h4>Les Bonnes Raisons de Choisir Notre Carte Cadeau<\/h4>\n<ul>\n<li><strong>Symbolique et pleine d\u2019\u00e9motions<\/strong> : Chaque tatouage est porteur d\u2019une histoire et d\u2019une intention profonde. Cette carte offre une exp\u00e9rience unique et personnalis\u00e9e.<\/li>\n<li><strong>Une exp\u00e9rience s\u00e9curis\u00e9e et professionnelle<\/strong> : Beaucoup de personnes souhaitent se faire tatouer, mais h\u00e9sitent \u00e0 franchir le pas, souvent par manque de confiance ou d&#8217;informations sur le lieu ou les artistes. Avec notre carte cadeau, offrez-leur la possibilit\u00e9 de r\u00e9aliser leur tatouage dans un environnement s\u00fbr, chaleureux et avec des artistes qualifi\u00e9s.<\/li>\n<li><strong>Flexibilit\u00e9 totale<\/strong> : Disponible d\u00e8s <strong>60\u00a0\u20ac<\/strong>, valable <strong>1 an<\/strong>, et utilisable selon les envies du b\u00e9n\u00e9ficiaire.<\/li>\n<\/ul>\n<h4>Foire Aux Questions (FAQ)<\/h4>\n<p><strong>\ud83d\udcac Puis-je offrir la carte \u00e0 distance\u00a0?<\/strong><br \/>\nBien s\u00fbr\u00a0! La carte est envoy\u00e9e par e-mail, parfaite pour surprendre quelqu\u2019un o\u00f9 qu\u2019il soit.<\/p>\n<p><strong>\ud83d\udcac Y a-t-il une limite de montant\u00a0?<\/strong><br \/>\nLe montant minimum est de <strong>60\u00a0\u20ac<\/strong>, mais vous pouvez choisir un montant sup\u00e9rieur selon votre budget.<\/p>\n<p><strong>\ud83d\udcac Que se passe-t-il si la carte n\u2019est pas utilis\u00e9e dans l\u2019ann\u00e9e\u00a0?<\/strong><br \/>\nLa carte cadeau est valable <strong>1 an<\/strong>, pass\u00e9 ce d\u00e9lai, elle ne sera plus utilisable.<\/p>","protected":false},"excerpt":{"rendered":"<h4>Offrez un Cadeau Unique et Personnalis\u00e9 d\u00e8s 60 \u20ac<\/h4>\n<p><strong>Envie de surprendre un proche avec un cadeau vraiment unique et qui pla\u00eet \u00e0 coup s\u00fbr ?<\/strong> Offrez-lui une carte cadeau pour un tatouage unique et personnalis\u00e9, \u00e0 r\u00e9aliser dans notre studio de tatouage professionnel! Une id\u00e9e parfaite pour toutes les occasions ! Avec cette carte, vous permettez \u00e0 vos proches de transformer leurs id\u00e9es en une \u0153uvre ind\u00e9l\u00e9bile.<\/p>\n<h4>Les Bonnes Raisons de Choisir Notre Carte Cadeau<\/h4>\n<ul>\n<li><strong>Symbolique et pleine d\u2019\u00e9motions<\/strong> : Chaque tatouage est porteur d\u2019une histoire et d\u2019une intention profonde. Cette carte offre une exp\u00e9rience unique et personnalis\u00e9e.<\/li>\n<li><strong>Une exp\u00e9rience s\u00e9curis\u00e9e et professionnelle<\/strong> : Beaucoup de personnes souhaitent se faire tatouer, mais h\u00e9sitent \u00e0 franchir le pas, souvent par manque de confiance ou d&#8217;informations sur le lieu ou les artistes. Avec notre carte cadeau, offrez-leur la possibilit\u00e9 de r\u00e9aliser leur tatouage dans un environnement s\u00fbr, chaleureux et avec des artistes qualifi\u00e9s.<\/li>\n<li><strong>Flexibilit\u00e9 totale<\/strong> : Disponible d\u00e8s <strong>60\u00a0\u20ac<\/strong>, valable <strong>1 an<\/strong>, et utilisable selon les envies du b\u00e9n\u00e9ficiaire.<\/li>\n<\/ul>\n<h4>Foire Aux Questions (FAQ)<\/h4>\n<p><strong>\ud83d\udcac Puis-je offrir la carte \u00e0 distance\u00a0?<\/strong><br \/>\nBien s\u00fbr\u00a0! La carte est envoy\u00e9e par e-mail, parfaite pour surprendre quelqu\u2019un o\u00f9 qu\u2019il soit.<\/p>\n<p><strong>\ud83d\udcac Y a-t-il une limite de montant\u00a0?<\/strong><br \/>\nLe montant minimum est de <strong>60\u00a0\u20ac<\/strong>, mais vous pouvez choisir un montant sup\u00e9rieur selon votre budget.<\/p>\n<p><strong>\ud83d\udcac Que se passe-t-il si la carte n\u2019est pas utilis\u00e9e dans l\u2019ann\u00e9e\u00a0?<\/strong><br \/>\nLa carte cadeau est valable <strong>1 an<\/strong>, pass\u00e9 ce d\u00e9lai, elle ne sera plus utilisable.<\/p>\n<h4>Comment \u00e7a marche\u00a0?<\/h4>\n<ol>\n<li><strong>Choisissez le montant<\/strong> : \u00c0 partir de <strong>60\u00a0\u20ac<\/strong>, selon vos envies.<\/li>\n<li><strong>Pr\u00e9cisez pour qui et pour quand<\/strong> : Elle sera envoy\u00e9 dans la boite mail de la personne que vous souhait\u00e9.<\/li>\n<li><strong>Recevez la carte par mail<\/strong> : Format d\u00e9mat\u00e9rialis\u00e9, rapide et pratique.<\/li>\n<\/ol>\n<blockquote><p><strong>Conditions g\u00e9n\u00e9rales<\/strong> : Carte valable 1 an \u00e0 partir de la date d\u2019achat. Non remboursable.<\/p><\/blockquote>\n<h4>Vos Avantages en Optant pour Notre Carte<\/h4>\n<p>\u2714 <strong>Un cadeau sur-mesure<\/strong> : Donnez \u00e0 vos proches la libert\u00e9 de collaborer avec nos artistes pour cr\u00e9er un tatouage unique.<br \/>\n\u2714 <strong>Un processus simple et rapide<\/strong> : Id\u00e9al pour un achat de derni\u00e8re minute.<br \/>\n\u2714 <strong>Une intention qui touche au c\u0153ur<\/strong> : Parfait pour ceux qui appr\u00e9cient les cadeaux porteurs de sens.<\/p>","protected":false},"featured_media":6165,"template":"","meta":{"_acf_changed":false},"product_brand":[],"product_cat":[36],"product_tag":[],"class_list":{"0":"post-6034","1":"product","2":"type-product","3":"status-publish","4":"has-post-thumbnail","6":"product_cat-non-classe","8":"first","9":"instock","10":"taxable","11":"shipping-taxable","12":"purchasable","13":"product-type-variable"},"bundled_by":[],"bundle_stock_status":"instock","bundle_stock_quantity":null,"bundle_virtual":false,"bundle_layout":"","bundle_add_to_cart_form_location":"","bundle_editable_in_cart":false,"bundle_sold_individually_context":"","bundle_item_grouping":"","bundle_min_size":"","bundle_max_size":"","bundle_price":[],"bundled_items":[],"bundle_sell_ids":[],"exclude_global_add_ons":[],"addons":[],"acf":[],"_links":{"self":[{"href":"https:\/\/sweetink.fr\/en\/wp-json\/wp\/v2\/product\/6034","targetHints":{"allow":["GET"]}}],"collection":[{"href":"https:\/\/sweetink.fr\/en\/wp-json\/wp\/v2\/product"}],"about":[{"href":"https:\/\/sweetink.fr\/en\/wp-json\/wp\/v2\/types\/product"}],"version-history":[{"count":2,"href":"https:\/\/sweetink.fr\/en\/wp-json\/wp\/v2\/product\/6034\/revisions"}],"predecessor-version":[{"id":7837,"href":"https:\/\/sweetink.fr\/en\/wp-json\/wp\/v2\/product\/6034\/revisions\/7837"}],"wp:featuredmedia":[{"embeddable":true,"href":"https:\/\/sweetink.fr\/en\/wp-json\/wp\/v2\/media\/6165"}],"wp:attachment":[{"href":"https:\/\/sweetink.fr\/en\/wp-json\/wp\/v2\/media?parent=6034"}],"wp:term":[{"taxonomy":"product_brand","embeddable":true,"href":"https:\/\/sweetink.fr\/en\/wp-json\/wp\/v2\/product_brand?post=6034"},{"taxonomy":"product_cat","embeddable":true,"href":"https:\/\/sweetink.fr\/en\/wp-json\/wp\/v2\/product_cat?post=6034"},{"taxonomy":"product_tag","embeddable":true,"href":"https:\/\/sweetink.fr\/en\/wp-json\/wp\/v2\/product_tag?post=6034"}],"curies":[{"name":"wp","href":"https:\/\/api.w.org\/{rel}","templated":true}]}}