{"id":6048,"date":"2024-11-19T15:48:47","date_gmt":"2024-11-19T14:48:47","guid":{"rendered":"https:\/\/sweetink.fr\/?post_type=product&#038;p=6048"},"modified":"2025-08-25T11:35:06","modified_gmt":"2025-08-25T09:35:06","slug":"carte-cadeau-soin-energetique","status":"publish","type":"product","link":"https:\/\/sweetink.fr\/en\/product\/carte-cadeau-soin-energetique\/","title":{"rendered":"Carte Cadeau Soin \u00c9nerg\u00e9tique"},"content":{"rendered":"<h4>Une Parenth\u00e8se Unique pour Revitaliser le Corps et Esprit<\/h4>\n<p><strong>Envie de faire plaisir avec un cadeau vraiment significatif ?<\/strong> Offrez une carte cadeau pour un soin \u00e9nerg\u00e9tique ! Plus qu\u2019une simple s\u00e9ance de d\u00e9tente, c\u2019est un v\u00e9ritable moment pour se recentrer, lib\u00e9rer les tensions et r\u00e9\u00e9quilibrer les \u00e9nergies.<\/p>\n<h4>Pourquoi Offrir un Soin \u00c9nerg\u00e9tique ?<\/h4>\n<ul>\n<li><strong>Un temps pour soi<\/strong> : Parce que chacun m\u00e9rite de se reconnecter \u00e0 son essence et de retrouver son \u00e9quilibre int\u00e9rieur.<\/li>\n<li><strong>Apaisant et revitalisant<\/strong> : Ces soins aident \u00e0 calmer le mental, revitaliser le corps et lib\u00e9rer les blocages \u00e9motionnels.<\/li>\n<li><strong>Une aide pr\u00e9cieuse pour un tatouage \u00e0 venir<\/strong> : Le soin \u00e9nerg\u00e9tique peut aussi \u00eatre un moment pour canaliser les informations et clarifier ses intentions avant de prendre la d\u00e9cision de se faire tatouer.<\/li>\n<li><strong>Un coup de pouce pour aller mieux<\/strong> : Si un proche a besoin de bien-\u00eatre mais h\u00e9site \u00e0 franchir le pas, cette carte cadeau est l\u2019occasion id\u00e9ale pour l\u2019aider \u00e0 prendre rendez-vous et se sentir mieux.<\/li>\n<li><strong>Un cadeau universel<\/strong> : Parfait pour toutes les occasions, comme un anniversaire, une f\u00eate sp\u00e9ciale ou simplement pour dire \u00ab\u00a0prends soin de toi\u00a0\u00bb.<\/li>\n<\/ul>","protected":false},"excerpt":{"rendered":"<h4>Une Parenth\u00e8se Unique pour Revitaliser le Corps et Esprit<\/h4>\n<p><strong>Envie de faire plaisir avec un cadeau vraiment significatif ?<\/strong> Offrez une carte cadeau pour un soin \u00e9nerg\u00e9tique ! Plus qu\u2019une simple s\u00e9ance de d\u00e9tente, c\u2019est un v\u00e9ritable moment pour se recentrer, lib\u00e9rer les tensions et r\u00e9\u00e9quilibrer les \u00e9nergies.<\/p>\n<h4>Pourquoi Offrir un Soin \u00c9nerg\u00e9tique ?<\/h4>\n<ul>\n<li><strong>Un temps pour soi<\/strong> : Parce que chacun m\u00e9rite de se reconnecter \u00e0 son essence et de retrouver son \u00e9quilibre int\u00e9rieur.<\/li>\n<li><strong>Apaisant et revitalisant<\/strong> : Ces soins aident \u00e0 calmer le mental, revitaliser le corps et lib\u00e9rer les blocages \u00e9motionnels.<\/li>\n<li><strong>Une aide pr\u00e9cieuse pour un tatouage \u00e0 venir<\/strong> : Le soin \u00e9nerg\u00e9tique peut aussi \u00eatre un moment pour canaliser les informations et clarifier ses intentions avant de prendre la d\u00e9cision de se faire tatouer.<\/li>\n<li><strong>Un coup de pouce pour aller mieux<\/strong> : Si un proche a besoin de bien-\u00eatre mais h\u00e9site \u00e0 franchir le pas, cette carte cadeau est l\u2019occasion id\u00e9ale pour l\u2019aider \u00e0 prendre rendez-vous et se sentir mieux.<\/li>\n<li><strong>Un cadeau universel<\/strong> : Parfait pour toutes les occasions, comme un anniversaire, une f\u00eate sp\u00e9ciale ou simplement pour dire \u00ab\u00a0prends soin de toi\u00a0\u00bb.<\/li>\n<\/ul>\n<hr \/>\n<h4>Les Avantages de Notre Carte Cadeau<\/h4>\n<ul>\n<li><strong>Une id\u00e9e cadeau unique et pr\u00e9cieuse<\/strong> : Offrez une attention bienveillante, pens\u00e9e pour le bien-\u00eatre.<\/li>\n<li><strong>Enti\u00e8rement personnalisable<\/strong> : Montant libre \u00e0 partir de <strong>50\u00a0\u20ac<\/strong>, selon votre budget.<\/li>\n<li><strong>Pratique et imm\u00e9diate<\/strong> : Carte cadeau d\u00e9mat\u00e9rialis\u00e9e, envoy\u00e9e par e-mail directement apr\u00e8s l\u2019achat.<\/li>\n<li><strong>Utilisable \u00e0 tout moment<\/strong> : Valable <strong>1 an<\/strong>, pour permettre au b\u00e9n\u00e9ficiaire de choisir le moment parfait.<\/li>\n<li><strong>Pour une s\u00e9ance sur-mesure<\/strong> : Le b\u00e9n\u00e9ficiaire pourra choisir un soin \u00e9nerg\u00e9tique adapt\u00e9 \u00e0 ses besoins sp\u00e9cifiques.<\/li>\n<\/ul>\n<h4>Comment \u00e7a Marche ?<\/h4>\n<ol>\n<li><strong>Choisissez le montant<\/strong> : \u00c0 partir de <strong>50\u00a0\u20ac<\/strong>, selon vos envies et votre budget.<\/li>\n<li><strong>Recevez la carte par e-mail<\/strong> : Format num\u00e9rique pr\u00eat \u00e0 \u00eatre offert.<\/li>\n<li><strong>\u00c0 utiliser pour une s\u00e9ance personnalis\u00e9e<\/strong> : Offrez une exp\u00e9rience de reconnexion et d\u2019harmonie int\u00e9rieure.<\/li>\n<\/ol>\n<h4>Offrez un Instant pour Soi<\/h4>\n<p>Ne manquez pas l\u2019occasion de faire plaisir avec un cadeau qui \u00a0marquera les esprits et apportera un v\u00e9ritable bien-\u00eatre.<\/p>","protected":false},"featured_media":6164,"template":"","meta":{"_acf_changed":false},"product_brand":[],"product_cat":[36],"product_tag":[],"class_list":{"0":"post-6048","1":"product","2":"type-product","3":"status-publish","4":"has-post-thumbnail","6":"product_cat-non-classe","8":"first","9":"instock","10":"taxable","11":"shipping-taxable","12":"purchasable","13":"product-type-variable"},"bundled_by":[],"bundle_stock_status":"instock","bundle_stock_quantity":null,"bundle_virtual":false,"bundle_layout":"","bundle_add_to_cart_form_location":"","bundle_editable_in_cart":false,"bundle_sold_individually_context":"","bundle_item_grouping":"","bundle_min_size":"","bundle_max_size":"","bundle_price":[],"bundled_items":[],"bundle_sell_ids":[],"exclude_global_add_ons":[],"addons":[],"acf":[],"_links":{"self":[{"href":"https:\/\/sweetink.fr\/en\/wp-json\/wp\/v2\/product\/6048","targetHints":{"allow":["GET"]}}],"collection":[{"href":"https:\/\/sweetink.fr\/en\/wp-json\/wp\/v2\/product"}],"about":[{"href":"https:\/\/sweetink.fr\/en\/wp-json\/wp\/v2\/types\/product"}],"version-history":[{"count":3,"href":"https:\/\/sweetink.fr\/en\/wp-json\/wp\/v2\/product\/6048\/revisions"}],"predecessor-version":[{"id":7836,"href":"https:\/\/sweetink.fr\/en\/wp-json\/wp\/v2\/product\/6048\/revisions\/7836"}],"wp:featuredmedia":[{"embeddable":true,"href":"https:\/\/sweetink.fr\/en\/wp-json\/wp\/v2\/media\/6164"}],"wp:attachment":[{"href":"https:\/\/sweetink.fr\/en\/wp-json\/wp\/v2\/media?parent=6048"}],"wp:term":[{"taxonomy":"product_brand","embeddable":true,"href":"https:\/\/sweetink.fr\/en\/wp-json\/wp\/v2\/product_brand?post=6048"},{"taxonomy":"product_cat","embeddable":true,"href":"https:\/\/sweetink.fr\/en\/wp-json\/wp\/v2\/product_cat?post=6048"},{"taxonomy":"product_tag","embeddable":true,"href":"https:\/\/sweetink.fr\/en\/wp-json\/wp\/v2\/product_tag?post=6048"}],"curies":[{"name":"wp","href":"https:\/\/api.w.org\/{rel}","templated":true}]}}