{"id":8492,"date":"2025-09-18T10:47:26","date_gmt":"2025-09-18T08:47:26","guid":{"rendered":"https:\/\/sweetink.fr\/?post_type=product&#038;p=8492"},"modified":"2026-04-08T10:44:50","modified_gmt":"2026-04-08T08:44:50","slug":"mousse-nettoyante-vegan-aloe-tattoo-60-ml","status":"publish","type":"product","link":"https:\/\/sweetink.fr\/en\/product\/mousse-nettoyante-vegan-aloe-tattoo-60-ml\/","title":{"rendered":"Mousse Nettoyante Vegan : Aloe Tattoo (60 ml)"},"content":{"rendered":"<p>Cette mousse lavante douce a \u00e9t\u00e9 sp\u00e9cialement formul\u00e9e pour nettoyer la peau tatou\u00e9e sans l\u2019agresser. Sa base lavante naturelle enrichie en aloe vera, camomille, avoine et th\u00e9 vert permet de purifier la zone tout en apaisant les rougeurs et les sensations d\u2019inconfort.<\/p>\n<p>Les agents bioactifs issus de fleurs de camomille, reconnus pour leurs propri\u00e9t\u00e9s anti-inflammatoires, contribuent \u00e0 une cicatrisation plus rapide, tout en maintenant l&#8217;hydratation naturelle de la peau. La mousse s&#8217;applique en douceur, sans frottement, pour un nettoyage respectueux de votre tatouage fra\u00eechement r\u00e9alis\u00e9.<\/p>\n<p><strong>Ingr\u00e9dients cl\u00e9s<\/strong> : Aloe Vera, Camomille, Avoine, Th\u00e9 Vert, Acide Lactique<br \/>\n<strong>Propri\u00e9t\u00e9s<\/strong> : Nettoyante, apaisante, hydratante. Vegan et naturelle<\/p>\n<p><!-- notionvc: 0b16b151-22b6-4bea-89c4-3099af9711b8 --><\/p>","protected":false},"excerpt":{"rendered":"<p>Cette mousse lavante douce a \u00e9t\u00e9 sp\u00e9cialement formul\u00e9e pour nettoyer la peau tatou\u00e9e sans l\u2019agresser. Sa base lavante naturelle enrichie en aloe vera, camomille, avoine et th\u00e9 vert permet de purifier la zone tout en apaisant les rougeurs et les sensations d\u2019inconfort.<\/p>\n<p>Les agents bioactifs issus de fleurs de camomille, reconnus pour leurs propri\u00e9t\u00e9s anti-inflammatoires, contribuent \u00e0 une cicatrisation plus rapide, tout en maintenant l&#8217;hydratation naturelle de la peau. La mousse s&#8217;applique en douceur, sans frottement, pour un nettoyage respectueux de votre tatouage fra\u00eechement r\u00e9alis\u00e9.<\/p>\n<p><strong>Ingr\u00e9dients cl\u00e9s<\/strong> : Aloe Vera, Camomille, Avoine, Th\u00e9 Vert, Acide Lactique<br \/>\n<strong>Propri\u00e9t\u00e9s<\/strong> : Nettoyante, apaisante, hydratante. Vegan et naturelle<\/p>\n<p><!-- notionvc: 0b16b151-22b6-4bea-89c4-3099af9711b8 --><\/p>","protected":false},"featured_media":8534,"template":"","meta":{"_acf_changed":false},"product_brand":[],"product_cat":[36],"product_tag":[],"class_list":{"0":"post-8492","1":"product","2":"type-product","3":"status-publish","4":"has-post-thumbnail","6":"product_cat-non-classe","8":"first","9":"instock","10":"virtual","11":"taxable","12":"purchasable","13":"product-type-simple"},"bundled_by":["8537"],"bundle_stock_status":"instock","bundle_stock_quantity":28,"bundle_virtual":false,"bundle_layout":"","bundle_add_to_cart_form_location":"","bundle_editable_in_cart":false,"bundle_sold_individually_context":"","bundle_item_grouping":"","bundle_min_size":"","bundle_max_size":"","bundle_price":[],"bundled_items":[],"bundle_sell_ids":[],"exclude_global_add_ons":[],"addons":[],"acf":[],"_links":{"self":[{"href":"https:\/\/sweetink.fr\/en\/wp-json\/wp\/v2\/product\/8492","targetHints":{"allow":["GET"]}}],"collection":[{"href":"https:\/\/sweetink.fr\/en\/wp-json\/wp\/v2\/product"}],"about":[{"href":"https:\/\/sweetink.fr\/en\/wp-json\/wp\/v2\/types\/product"}],"version-history":[{"count":2,"href":"https:\/\/sweetink.fr\/en\/wp-json\/wp\/v2\/product\/8492\/revisions"}],"predecessor-version":[{"id":8545,"href":"https:\/\/sweetink.fr\/en\/wp-json\/wp\/v2\/product\/8492\/revisions\/8545"}],"wp:featuredmedia":[{"embeddable":true,"href":"https:\/\/sweetink.fr\/en\/wp-json\/wp\/v2\/media\/8534"}],"wp:attachment":[{"href":"https:\/\/sweetink.fr\/en\/wp-json\/wp\/v2\/media?parent=8492"}],"wp:term":[{"taxonomy":"product_brand","embeddable":true,"href":"https:\/\/sweetink.fr\/en\/wp-json\/wp\/v2\/product_brand?post=8492"},{"taxonomy":"product_cat","embeddable":true,"href":"https:\/\/sweetink.fr\/en\/wp-json\/wp\/v2\/product_cat?post=8492"},{"taxonomy":"product_tag","embeddable":true,"href":"https:\/\/sweetink.fr\/en\/wp-json\/wp\/v2\/product_tag?post=8492"}],"curies":[{"name":"wp","href":"https:\/\/api.w.org\/{rel}","templated":true}]}}