{"id":8494,"date":"2025-09-18T10:49:37","date_gmt":"2025-09-18T08:49:37","guid":{"rendered":"https:\/\/sweetink.fr\/?post_type=product&#038;p=8494"},"modified":"2026-04-08T10:44:50","modified_gmt":"2026-04-08T08:44:50","slug":"baume-reparateur-naturel-caen-jaime-ma-peau-30-g","status":"publish","type":"product","link":"https:\/\/sweetink.fr\/en\/product\/baume-reparateur-naturel-caen-jaime-ma-peau-30-g\/","title":{"rendered":"Baume r\u00e9parateur naturel : Caen J\u2019aime Ma Peau (30 g)"},"content":{"rendered":"<p>Fabriqu\u00e9 \u00e0 la main dans un atelier local en Normandie, ce baume est un concentr\u00e9 d\u2019huiles v\u00e9g\u00e9tales biologiques, s\u00e9lectionn\u00e9es pour leurs vertus r\u00e9paratrices et protectrices. Il peut \u00eatre utilis\u00e9 <strong>avant, pendant et apr\u00e8s<\/strong> la s\u00e9ance de tatouage.<\/p>\n<p>Sa texture fondante p\u00e9n\u00e8tre facilement, sans laisser de film gras, et prot\u00e8ge la peau tout en soutenant le processus de r\u00e9g\u00e9n\u00e9ration cellulaire. Son emballage compostable et sa formule 100 % naturelle en font un soin respectueux de votre peau comme de l\u2019environnement.<\/p>\n<p><strong>Ingr\u00e9dients cl\u00e9s<\/strong> : Beurre de karit\u00e9*, Huile de coco*, Huile de chanvre*, Huile de p\u00e9pins de cerise*, Cire de son de riz, Vitamine E naturelle &#8211; *Ingr\u00e9dients issus de l\u2019agriculture biologique<br \/>\n<strong>Propri\u00e9t\u00e9s<\/strong> : Nourrissant, protecteur, cicatrisant. Vegan, local, naturel et \u00e9coresponsable<\/p>\n<p><!-- notionvc: c476ada9-e2de-4bcf-bf4b-28bac465fff8 --><\/p>","protected":false},"excerpt":{"rendered":"<p>Fabriqu\u00e9 \u00e0 la main dans un atelier local en Normandie, ce baume est un concentr\u00e9 d\u2019huiles v\u00e9g\u00e9tales biologiques, s\u00e9lectionn\u00e9es pour leurs vertus r\u00e9paratrices et protectrices. Il peut \u00eatre utilis\u00e9 <strong>avant, pendant et apr\u00e8s<\/strong> la s\u00e9ance de tatouage.<\/p>\n<p>Sa texture fondante p\u00e9n\u00e8tre facilement, sans laisser de film gras, et prot\u00e8ge la peau tout en soutenant le processus de r\u00e9g\u00e9n\u00e9ration cellulaire. Son emballage compostable et sa formule 100 % naturelle en font un soin respectueux de votre peau comme de l\u2019environnement.<\/p>\n<p><strong>Ingr\u00e9dients cl\u00e9s<\/strong> : Beurre de karit\u00e9*, Huile de coco*, Huile de chanvre*, Huile de p\u00e9pins de cerise*, Cire de son de riz, Vitamine E naturelle &#8211; *Ingr\u00e9dients issus de l\u2019agriculture biologique<br \/>\n<strong>Propri\u00e9t\u00e9s<\/strong> : Nourrissant, protecteur, cicatrisant. Vegan, local, naturel et \u00e9coresponsable<\/p>\n<p><!-- notionvc: c476ada9-e2de-4bcf-bf4b-28bac465fff8 --><\/p>","protected":false},"featured_media":8535,"template":"","meta":{"_acf_changed":false},"product_brand":[],"product_cat":[36],"product_tag":[],"class_list":{"0":"post-8494","1":"product","2":"type-product","3":"status-publish","4":"has-post-thumbnail","6":"product_cat-non-classe","8":"first","9":"instock","10":"virtual","11":"taxable","12":"purchasable","13":"product-type-simple"},"bundled_by":["8537"],"bundle_stock_status":"instock","bundle_stock_quantity":29,"bundle_virtual":false,"bundle_layout":"","bundle_add_to_cart_form_location":"","bundle_editable_in_cart":false,"bundle_sold_individually_context":"","bundle_item_grouping":"","bundle_min_size":"","bundle_max_size":"","bundle_price":[],"bundled_items":[],"bundle_sell_ids":[],"exclude_global_add_ons":[],"addons":[],"acf":[],"_links":{"self":[{"href":"https:\/\/sweetink.fr\/en\/wp-json\/wp\/v2\/product\/8494","targetHints":{"allow":["GET"]}}],"collection":[{"href":"https:\/\/sweetink.fr\/en\/wp-json\/wp\/v2\/product"}],"about":[{"href":"https:\/\/sweetink.fr\/en\/wp-json\/wp\/v2\/types\/product"}],"version-history":[{"count":3,"href":"https:\/\/sweetink.fr\/en\/wp-json\/wp\/v2\/product\/8494\/revisions"}],"predecessor-version":[{"id":8544,"href":"https:\/\/sweetink.fr\/en\/wp-json\/wp\/v2\/product\/8494\/revisions\/8544"}],"wp:featuredmedia":[{"embeddable":true,"href":"https:\/\/sweetink.fr\/en\/wp-json\/wp\/v2\/media\/8535"}],"wp:attachment":[{"href":"https:\/\/sweetink.fr\/en\/wp-json\/wp\/v2\/media?parent=8494"}],"wp:term":[{"taxonomy":"product_brand","embeddable":true,"href":"https:\/\/sweetink.fr\/en\/wp-json\/wp\/v2\/product_brand?post=8494"},{"taxonomy":"product_cat","embeddable":true,"href":"https:\/\/sweetink.fr\/en\/wp-json\/wp\/v2\/product_cat?post=8494"},{"taxonomy":"product_tag","embeddable":true,"href":"https:\/\/sweetink.fr\/en\/wp-json\/wp\/v2\/product_tag?post=8494"}],"curies":[{"name":"wp","href":"https:\/\/api.w.org\/{rel}","templated":true}]}}