{"id":8497,"date":"2025-09-18T10:52:23","date_gmt":"2025-09-18T08:52:23","guid":{"rendered":"https:\/\/sweetink.fr\/?post_type=product&#038;p=8497"},"modified":"2026-02-07T12:20:00","modified_gmt":"2026-02-07T11:20:00","slug":"hustle-bubbles-deluxe-nettoyant-moussant-207-ml","status":"publish","type":"product","link":"https:\/\/sweetink.fr\/en\/product\/hustle-bubbles-deluxe-nettoyant-moussant-207-ml\/","title":{"rendered":"Hustle Bubbles Deluxe \u2013 Nettoyant moussant (207 ml)"},"content":{"rendered":"<p>Ce nettoyant moussant antibact\u00e9rien a \u00e9t\u00e9 formul\u00e9 pour nettoyer la peau fra\u00eechement tatou\u00e9e en douceur, sans l\u2019irriter. Sa mousse fine \u00e9limine les impuret\u00e9s, r\u00e9duit les risques d\u2019infection et apaise imm\u00e9diatement les zones sensibles.<\/p>\n<p>Utilis\u00e9 aussi bien en studio que pendant la phase de cicatrisation \u00e0 domicile, Hustle Bubbles Deluxe convient \u00e0 tous les types de peau. Sa formule naturelle \u00e0 base d\u2019aloe vera respecte l\u2019\u00e9quilibre cutan\u00e9 et favorise une cicatrisation saine, sans dess\u00e8chement.<\/p>\n<p><strong>Propri\u00e9t\u00e9s<\/strong> : nettoyant, apaisant, non irritant<br \/>\n<strong>Contenance<\/strong> : 207 ml<br \/>\n<strong>Utilisation<\/strong> : pendant et apr\u00e8s la s\u00e9ance<\/p>\n<p><!-- notionvc: 246d2cfc-b6d7-4415-a83a-96e3069f8433 --><\/p>","protected":false},"excerpt":{"rendered":"<p>Ce nettoyant moussant antibact\u00e9rien a \u00e9t\u00e9 formul\u00e9 pour nettoyer la peau fra\u00eechement tatou\u00e9e en douceur, sans l\u2019irriter. Sa mousse fine \u00e9limine les impuret\u00e9s, r\u00e9duit les risques d\u2019infection et apaise imm\u00e9diatement les zones sensibles.<\/p>\n<p>Utilis\u00e9 aussi bien en studio que pendant la phase de cicatrisation \u00e0 domicile, Hustle Bubbles Deluxe convient \u00e0 tous les types de peau. Sa formule naturelle \u00e0 base d\u2019aloe vera respecte l\u2019\u00e9quilibre cutan\u00e9 et favorise une cicatrisation saine, sans dess\u00e8chement.<\/p>\n<p><strong>Propri\u00e9t\u00e9s<\/strong> : nettoyant, apaisant, non irritant<br \/>\n<strong>Contenance<\/strong> : 207 ml<br \/>\n<strong>Utilisation<\/strong> : pendant et apr\u00e8s la s\u00e9ance<\/p>\n<p><!-- notionvc: 246d2cfc-b6d7-4415-a83a-96e3069f8433 --><\/p>","protected":false},"featured_media":8531,"template":"","meta":{"_acf_changed":false},"product_brand":[],"product_cat":[36],"product_tag":[],"class_list":{"0":"post-8497","1":"product","2":"type-product","3":"status-publish","4":"has-post-thumbnail","6":"product_cat-non-classe","8":"first","9":"instock","10":"virtual","11":"taxable","12":"purchasable","13":"product-type-simple"},"bundled_by":["8504"],"bundle_stock_status":"instock","bundle_stock_quantity":12,"bundle_virtual":false,"bundle_layout":"","bundle_add_to_cart_form_location":"","bundle_editable_in_cart":false,"bundle_sold_individually_context":"","bundle_item_grouping":"","bundle_min_size":"","bundle_max_size":"","bundle_price":[],"bundled_items":[],"bundle_sell_ids":[],"exclude_global_add_ons":[],"addons":[],"acf":[],"_links":{"self":[{"href":"https:\/\/sweetink.fr\/en\/wp-json\/wp\/v2\/product\/8497","targetHints":{"allow":["GET"]}}],"collection":[{"href":"https:\/\/sweetink.fr\/en\/wp-json\/wp\/v2\/product"}],"about":[{"href":"https:\/\/sweetink.fr\/en\/wp-json\/wp\/v2\/types\/product"}],"version-history":[{"count":4,"href":"https:\/\/sweetink.fr\/en\/wp-json\/wp\/v2\/product\/8497\/revisions"}],"predecessor-version":[{"id":9973,"href":"https:\/\/sweetink.fr\/en\/wp-json\/wp\/v2\/product\/8497\/revisions\/9973"}],"wp:featuredmedia":[{"embeddable":true,"href":"https:\/\/sweetink.fr\/en\/wp-json\/wp\/v2\/media\/8531"}],"wp:attachment":[{"href":"https:\/\/sweetink.fr\/en\/wp-json\/wp\/v2\/media?parent=8497"}],"wp:term":[{"taxonomy":"product_brand","embeddable":true,"href":"https:\/\/sweetink.fr\/en\/wp-json\/wp\/v2\/product_brand?post=8497"},{"taxonomy":"product_cat","embeddable":true,"href":"https:\/\/sweetink.fr\/en\/wp-json\/wp\/v2\/product_cat?post=8497"},{"taxonomy":"product_tag","embeddable":true,"href":"https:\/\/sweetink.fr\/en\/wp-json\/wp\/v2\/product_tag?post=8497"}],"curies":[{"name":"wp","href":"https:\/\/api.w.org\/{rel}","templated":true}]}}