{"id":8500,"date":"2025-09-18T10:53:32","date_gmt":"2025-09-18T08:53:32","guid":{"rendered":"https:\/\/sweetink.fr\/?post_type=product&#038;p=8500"},"modified":"2026-02-07T12:15:34","modified_gmt":"2026-02-07T11:15:34","slug":"hustle-butter-deluxe-baume-reparateur-150-ml","status":"publish","type":"product","link":"https:\/\/sweetink.fr\/en\/product\/hustle-butter-deluxe-baume-reparateur-150-ml\/","title":{"rendered":"Hustle Butter Deluxe \u2013 Baume r\u00e9parateur (150 ml)"},"content":{"rendered":"<p>Hustle Butter Deluxe est un baume 100 % naturel, vegan et sans p\u00e9trole, largement adopt\u00e9 par les tatoueurs professionnels pour ses vertus protectrices et r\u00e9g\u00e9n\u00e9rantes.<\/p>\n<p>Appliqu\u00e9 apr\u00e8s le nettoyage, il nourrit intens\u00e9ment la peau, r\u00e9duit les rougeurs et les tiraillements, et aide \u00e0 maintenir l\u2019\u00e9clat des encres. Sa texture onctueuse p\u00e9n\u00e8tre rapidement, sans effet gras ni colmatage des pores.<\/p>\n<p>Ce baume est \u00e9galement utilis\u00e9 <strong>avant<\/strong> et <strong>pendant<\/strong> la s\u00e9ance de tatouage pour pr\u00e9parer la peau et am\u00e9liorer le confort du travail.<\/p>\n<p><strong>Propri\u00e9t\u00e9s<\/strong> : nourrissant, cicatrisant, apaisant<\/p>\n<p><strong>Contenance<\/strong> : 150 ml<\/p>\n<p><strong>Utilisation<\/strong> : avant, pendant et apr\u00e8s tatouage<\/p>\n<p><!-- notionvc: f615b7fa-9776-4b01-ac40-dcdafae21892 --><\/p>","protected":false},"excerpt":{"rendered":"<p>Hustle Butter Deluxe est un baume 100 % naturel, vegan et sans p\u00e9trole, largement adopt\u00e9 par les tatoueurs professionnels pour ses vertus protectrices et r\u00e9g\u00e9n\u00e9rantes.<\/p>\n<p>Appliqu\u00e9 apr\u00e8s le nettoyage, il nourrit intens\u00e9ment la peau, r\u00e9duit les rougeurs et les tiraillements, et aide \u00e0 maintenir l\u2019\u00e9clat des encres. Sa texture onctueuse p\u00e9n\u00e8tre rapidement, sans effet gras ni colmatage des pores.<\/p>\n<p>Ce baume est \u00e9galement utilis\u00e9 <strong>avant<\/strong> et <strong>pendant<\/strong> la s\u00e9ance de tatouage pour pr\u00e9parer la peau et am\u00e9liorer le confort du travail.<\/p>\n<p><strong>Propri\u00e9t\u00e9s<\/strong> : nourrissant, cicatrisant, apaisant<br \/>\n<strong>Contenance<\/strong> : 150 ml<br \/>\n<strong>Utilisation<\/strong> : avant, pendant et apr\u00e8s tatouage<\/p>\n<p><!-- notionvc: f615b7fa-9776-4b01-ac40-dcdafae21892 --><\/p>","protected":false},"featured_media":8532,"template":"","meta":{"_acf_changed":false},"product_brand":[],"product_cat":[36],"product_tag":[],"class_list":{"0":"post-8500","1":"product","2":"type-product","3":"status-publish","4":"has-post-thumbnail","6":"product_cat-non-classe","8":"first","9":"instock","10":"virtual","11":"taxable","12":"purchasable","13":"product-type-simple"},"bundled_by":["8504"],"bundle_stock_status":"instock","bundle_stock_quantity":10,"bundle_virtual":false,"bundle_layout":"","bundle_add_to_cart_form_location":"","bundle_editable_in_cart":false,"bundle_sold_individually_context":"","bundle_item_grouping":"","bundle_min_size":"","bundle_max_size":"","bundle_price":[],"bundled_items":[],"bundle_sell_ids":[],"exclude_global_add_ons":[],"addons":[],"acf":[],"_links":{"self":[{"href":"https:\/\/sweetink.fr\/en\/wp-json\/wp\/v2\/product\/8500","targetHints":{"allow":["GET"]}}],"collection":[{"href":"https:\/\/sweetink.fr\/en\/wp-json\/wp\/v2\/product"}],"about":[{"href":"https:\/\/sweetink.fr\/en\/wp-json\/wp\/v2\/types\/product"}],"version-history":[{"count":2,"href":"https:\/\/sweetink.fr\/en\/wp-json\/wp\/v2\/product\/8500\/revisions"}],"predecessor-version":[{"id":8502,"href":"https:\/\/sweetink.fr\/en\/wp-json\/wp\/v2\/product\/8500\/revisions\/8502"}],"wp:featuredmedia":[{"embeddable":true,"href":"https:\/\/sweetink.fr\/en\/wp-json\/wp\/v2\/media\/8532"}],"wp:attachment":[{"href":"https:\/\/sweetink.fr\/en\/wp-json\/wp\/v2\/media?parent=8500"}],"wp:term":[{"taxonomy":"product_brand","embeddable":true,"href":"https:\/\/sweetink.fr\/en\/wp-json\/wp\/v2\/product_brand?post=8500"},{"taxonomy":"product_cat","embeddable":true,"href":"https:\/\/sweetink.fr\/en\/wp-json\/wp\/v2\/product_cat?post=8500"},{"taxonomy":"product_tag","embeddable":true,"href":"https:\/\/sweetink.fr\/en\/wp-json\/wp\/v2\/product_tag?post=8500"}],"curies":[{"name":"wp","href":"https:\/\/api.w.org\/{rel}","templated":true}]}}