{"id":8504,"date":"2025-09-18T10:54:07","date_gmt":"2025-09-18T08:54:07","guid":{"rendered":"https:\/\/sweetink.fr\/?post_type=product&#038;p=8504"},"modified":"2025-11-19T14:26:05","modified_gmt":"2025-11-19T13:26:05","slug":"pack-tattoo-grand-format-kit-soin-tatouage-naturel-vegan-copie","status":"publish","type":"product","link":"https:\/\/sweetink.fr\/en\/product\/pack-tattoo-grand-format-kit-soin-tatouage-naturel-vegan-copie\/","title":{"rendered":"Pack Tattoo Grand Format \u2013 Kit Soin Tatouage Naturel &#038; Vegan"},"content":{"rendered":"","protected":false},"excerpt":{"rendered":"<p>Con\u00e7u pour accompagner la <strong>cicatrisation des grandes pi\u00e8ces tatou\u00e9es<\/strong>, le <strong>Pack Tattoo Grand Format<\/strong> rassemble deux soins professionnels pl\u00e9biscit\u00e9s par les studios du monde entier : <strong>Hustle Butter Deluxe<\/strong> et <strong>Hustle Bubbles Deluxe<\/strong>.<\/p>\n<p>Ces produits de r\u00e9f\u00e9rence allient <strong>efficacit\u00e9, confort et qualit\u00e9 premium<\/strong>, pour prendre soin de votre peau d\u00e8s les premi\u00e8res heures suivant le tatouage. Leur composition naturelle respecte les peaux sensibles tout en assurant une cicatrisation rapide et ma\u00eetris\u00e9e.<\/p>\n<p>Ce pack est \u00e0 commander en ligne et \u00e0 <strong>r\u00e9cup\u00e9rer directement en studio le jour de votre rendez-vous \u00e0 Lille.<\/strong><\/p>\n<p><!-- notionvc: 564cfcbd-b139-4661-ad7d-682de6e89cdb --><\/p>\n<p><!-- notionvc: 4a24860f-0059-49e8-83c7-8e47638d94c2 --><\/p>\n<p><!-- notionvc: c99da09f-5ef7-4acb-b878-b2e28916a544 --><\/p>","protected":false},"featured_media":8530,"template":"","meta":{"_acf_changed":false},"product_brand":[],"product_cat":[36],"product_tag":[],"class_list":{"0":"post-8504","1":"product","2":"type-product","3":"status-publish","4":"has-post-thumbnail","6":"product_cat-non-classe","8":"first","9":"instock","10":"sale","11":"virtual","12":"taxable","13":"purchasable","14":"product-type-bundle"},"bundled_by":[],"bundle_stock_status":"instock","bundle_stock_quantity":10,"bundle_virtual":true,"bundle_layout":"tabular","bundle_add_to_cart_form_location":"default","bundle_editable_in_cart":true,"bundle_sold_individually_context":"product","bundle_item_grouping":"parent","bundle_min_size":"","bundle_max_size":"","bundle_price":{"price":{"min":{"incl_tax":"59.9","excl_tax":"49.916667"},"max":{"incl_tax":"59.9","excl_tax":"49.916667"}},"regular_price":{"min":{"incl_tax":"70","excl_tax":"58.333333"},"max":{"incl_tax":"70","excl_tax":"58.333333"}}},"bundled_items":[{"bundled_item_id":1,"product_id":8497,"menu_order":0,"quantity_min":1,"quantity_max":1,"quantity_default":1,"priced_individually":false,"shipped_individually":true,"override_title":false,"title":"Hustle Bubbles Deluxe \u2013 Nettoyant moussant (207 ml)","override_description":false,"description":"","optional":false,"hide_thumbnail":false,"discount":"","override_variations":false,"allowed_variations":[],"override_default_variation_attributes":false,"default_variation_attributes":[],"single_product_visibility":"visible","cart_visibility":"visible","order_visibility":"visible","single_product_price_visibility":"visible","cart_price_visibility":"visible","order_price_visibility":"visible","stock_status":"in_stock"},{"bundled_item_id":2,"product_id":8500,"menu_order":1,"quantity_min":1,"quantity_max":1,"quantity_default":1,"priced_individually":false,"shipped_individually":true,"override_title":false,"title":"Hustle Butter Deluxe \u2013 Baume r\u00e9parateur (150 ml)","override_description":false,"description":"","optional":false,"hide_thumbnail":false,"discount":"","override_variations":false,"allowed_variations":[],"override_default_variation_attributes":false,"default_variation_attributes":[],"single_product_visibility":"visible","cart_visibility":"visible","order_visibility":"visible","single_product_price_visibility":"visible","cart_price_visibility":"visible","order_price_visibility":"visible","stock_status":"in_stock"}],"bundle_sell_ids":[],"exclude_global_add_ons":[],"addons":[],"acf":[],"_links":{"self":[{"href":"https:\/\/sweetink.fr\/en\/wp-json\/wp\/v2\/product\/8504","targetHints":{"allow":["GET"]}}],"collection":[{"href":"https:\/\/sweetink.fr\/en\/wp-json\/wp\/v2\/product"}],"about":[{"href":"https:\/\/sweetink.fr\/en\/wp-json\/wp\/v2\/types\/product"}],"version-history":[{"count":3,"href":"https:\/\/sweetink.fr\/en\/wp-json\/wp\/v2\/product\/8504\/revisions"}],"predecessor-version":[{"id":8536,"href":"https:\/\/sweetink.fr\/en\/wp-json\/wp\/v2\/product\/8504\/revisions\/8536"}],"wp:featuredmedia":[{"embeddable":true,"href":"https:\/\/sweetink.fr\/en\/wp-json\/wp\/v2\/media\/8530"}],"wp:attachment":[{"href":"https:\/\/sweetink.fr\/en\/wp-json\/wp\/v2\/media?parent=8504"}],"wp:term":[{"taxonomy":"product_brand","embeddable":true,"href":"https:\/\/sweetink.fr\/en\/wp-json\/wp\/v2\/product_brand?post=8504"},{"taxonomy":"product_cat","embeddable":true,"href":"https:\/\/sweetink.fr\/en\/wp-json\/wp\/v2\/product_cat?post=8504"},{"taxonomy":"product_tag","embeddable":true,"href":"https:\/\/sweetink.fr\/en\/wp-json\/wp\/v2\/product_tag?post=8504"}],"curies":[{"name":"wp","href":"https:\/\/api.w.org\/{rel}","templated":true}]}}