{"id":8537,"date":"2025-09-23T15:45:00","date_gmt":"2025-09-23T13:45:00","guid":{"rendered":"https:\/\/sweetink.fr\/?post_type=product&#038;p=8537"},"modified":"2025-11-19T14:26:14","modified_gmt":"2025-11-19T13:26:14","slug":"pack-tattoo-essentiel-kit-soin-tatouage-naturel-vegan-pour-petit-et-moyen-tattoo","status":"publish","type":"product","link":"https:\/\/sweetink.fr\/en\/product\/pack-tattoo-essentiel-kit-soin-tatouage-naturel-vegan-pour-petit-et-moyen-tattoo\/","title":{"rendered":"Pack Tattoo Essentiel \u2013 Kit Soin Tatouage Naturel &#038; Vegan pour petit et moyen tattoo"},"content":{"rendered":"","protected":false},"excerpt":{"rendered":"<p>Le Pack Tattoo Essentiel r\u00e9unit deux soins naturels et vegan pour une cicatrisation optimale : une mousse nettoyante douce (60 ml) et un baume r\u00e9parateur fabriqu\u00e9 en Normandie (30 g).<\/p>\n<p>Id\u00e9al pour les petits et moyens tatouages.<br \/>\nDisponible sur commande avec retrait en studio \u00e0 Lille<\/p>\n<p>____________________________________________<\/p>","protected":false},"featured_media":8533,"template":"","meta":{"_acf_changed":false},"product_brand":[],"product_cat":[36],"product_tag":[],"class_list":{"0":"post-8537","1":"product","2":"type-product","3":"status-publish","4":"has-post-thumbnail","6":"product_cat-non-classe","8":"first","9":"instock","10":"sale","11":"virtual","12":"taxable","13":"purchasable","14":"product-type-bundle"},"bundled_by":[],"bundle_stock_status":"instock","bundle_stock_quantity":28,"bundle_virtual":true,"bundle_layout":"tabular","bundle_add_to_cart_form_location":"default","bundle_editable_in_cart":true,"bundle_sold_individually_context":"product","bundle_item_grouping":"parent","bundle_min_size":"","bundle_max_size":"","bundle_price":{"price":{"min":{"incl_tax":"28.99","excl_tax":"24.158333"},"max":{"incl_tax":"28.99","excl_tax":"24.158333"}},"regular_price":{"min":{"incl_tax":"32.3","excl_tax":"26.916667"},"max":{"incl_tax":"32.3","excl_tax":"26.916667"}}},"bundled_items":[{"bundled_item_id":5,"product_id":8492,"menu_order":0,"quantity_min":1,"quantity_max":1,"quantity_default":1,"priced_individually":false,"shipped_individually":true,"override_title":false,"title":"Mousse Nettoyante Vegan : Aloe Tattoo (60 ml)","override_description":false,"description":"","optional":false,"hide_thumbnail":false,"discount":"","override_variations":false,"allowed_variations":[],"override_default_variation_attributes":false,"default_variation_attributes":[],"single_product_visibility":"visible","cart_visibility":"visible","order_visibility":"visible","single_product_price_visibility":"visible","cart_price_visibility":"visible","order_price_visibility":"visible","stock_status":"in_stock"},{"bundled_item_id":6,"product_id":8494,"menu_order":1,"quantity_min":1,"quantity_max":1,"quantity_default":1,"priced_individually":false,"shipped_individually":true,"override_title":false,"title":"Baume r\u00e9parateur naturel : Caen J\u2019aime Ma Peau (30 g)","override_description":false,"description":"","optional":false,"hide_thumbnail":false,"discount":"","override_variations":false,"allowed_variations":[],"override_default_variation_attributes":false,"default_variation_attributes":[],"single_product_visibility":"visible","cart_visibility":"visible","order_visibility":"visible","single_product_price_visibility":"visible","cart_price_visibility":"visible","order_price_visibility":"visible","stock_status":"in_stock"}],"bundle_sell_ids":[],"exclude_global_add_ons":[],"addons":[],"acf":[],"_links":{"self":[{"href":"https:\/\/sweetink.fr\/en\/wp-json\/wp\/v2\/product\/8537","targetHints":{"allow":["GET"]}}],"collection":[{"href":"https:\/\/sweetink.fr\/en\/wp-json\/wp\/v2\/product"}],"about":[{"href":"https:\/\/sweetink.fr\/en\/wp-json\/wp\/v2\/types\/product"}],"version-history":[{"count":3,"href":"https:\/\/sweetink.fr\/en\/wp-json\/wp\/v2\/product\/8537\/revisions"}],"predecessor-version":[{"id":8562,"href":"https:\/\/sweetink.fr\/en\/wp-json\/wp\/v2\/product\/8537\/revisions\/8562"}],"wp:featuredmedia":[{"embeddable":true,"href":"https:\/\/sweetink.fr\/en\/wp-json\/wp\/v2\/media\/8533"}],"wp:attachment":[{"href":"https:\/\/sweetink.fr\/en\/wp-json\/wp\/v2\/media?parent=8537"}],"wp:term":[{"taxonomy":"product_brand","embeddable":true,"href":"https:\/\/sweetink.fr\/en\/wp-json\/wp\/v2\/product_brand?post=8537"},{"taxonomy":"product_cat","embeddable":true,"href":"https:\/\/sweetink.fr\/en\/wp-json\/wp\/v2\/product_cat?post=8537"},{"taxonomy":"product_tag","embeddable":true,"href":"https:\/\/sweetink.fr\/en\/wp-json\/wp\/v2\/product_tag?post=8537"}],"curies":[{"name":"wp","href":"https:\/\/api.w.org\/{rel}","templated":true}]}}